{"id":668,"date":"2025-07-08T14:29:01","date_gmt":"2025-07-08T14:29:01","guid":{"rendered":"https:\/\/hieuanh.id.vn\/?page_id=668"},"modified":"2025-08-12T03:28:40","modified_gmt":"2025-08-12T03:28:40","slug":"tour-nuoc-ngoai","status":"publish","type":"page","link":"https:\/\/hieuanh.id.vn\/index.php\/tour-nuoc-ngoai\/","title":{"rendered":"TOUR n\u01b0\u1edbc ngo\u00e0i"},"content":{"rendered":"\n\t<section class=\"section\" id=\"section_409166370\">\n\t\t<div class=\"bg section-bg fill bg-fill  bg-loaded\" >\n\n\t\t\t\n\t\t\t\n\t\t\t\n\n\t\t<\/div>\n\n\t\t\n\n\t\t<div class=\"section-content relative\">\n\t\t\t\n\n<div class=\"row\"  id=\"row-2047053325\">\n\n\n\t<div id=\"col-1247775928\" class=\"col medium-6 small-12 large-6\"  >\n\t\t\t\t<div class=\"col-inner\"  >\n\t\t\t\n\t\t\t\n\n\n\n\n<div class=\"wpcf7 no-js\" id=\"wpcf7-f859-o1\" lang=\"vi\" dir=\"ltr\" data-wpcf7-id=\"859\">\n<div class=\"screen-reader-response\"><p role=\"status\" aria-live=\"polite\" aria-atomic=\"true\"><\/p> <ul><\/ul><\/div>\n<form action=\"\/index.php\/wp-json\/wp\/v2\/pages\/668#wpcf7-f859-o1\" method=\"post\" class=\"wpcf7-form init\" aria-label=\"Form li\u00ean h\u1ec7\" novalidate=\"novalidate\" data-status=\"init\">\n<fieldset class=\"hidden-fields-container\"><input type=\"hidden\" name=\"_wpcf7\" value=\"859\" \/><input type=\"hidden\" name=\"_wpcf7_version\" value=\"6.1\" \/><input type=\"hidden\" name=\"_wpcf7_locale\" value=\"vi\" \/><input type=\"hidden\" name=\"_wpcf7_unit_tag\" value=\"wpcf7-f859-o1\" \/><input type=\"hidden\" name=\"_wpcf7_container_post\" value=\"0\" \/><input type=\"hidden\" name=\"_wpcf7_posted_data_hash\" value=\"\" \/>\n<\/fieldset>\n<nav class=\"breadcrumb\">\n\t<p><a href=\"\/\">TRANG CH\u1ee6<\/a> \/<br \/>\n<a href=\"\/tour-du-lich\">TOUR DU L\u1ecaCH<\/a> \/<br \/>\n<span>TOUR TRONG N\u01af\u1edaC<\/span>\n\t<\/p>\n<\/nav><div class=\"wpcf7-response-output\" aria-hidden=\"true\"><\/div>\n<\/form>\n<\/div>\n\n\n\n\t\t<\/div>\n\t\t\t\t\n<style>\n#col-1247775928 > .col-inner {\n  padding: 0px 0px 0px 0px;\n}\n@media (min-width:550px) {\n  #col-1247775928 > .col-inner {\n    padding: 0px 0px 0px 0px;\n  }\n}\n<\/style>\n\t<\/div>\n\n\t\n\n\t<div id=\"col-1397403197\" class=\"col medium-6 small-12 large-6\"  >\n\t\t\t\t<div class=\"col-inner\"  >\n\t\t\t\n\t\t\t\n\n<div class=\"row\"  id=\"row-1027193905\">\n\n\n\t<div id=\"col-2036606512\" class=\"col medium-5 small-12 large-5\"  >\n\t\t\t\t<div class=\"col-inner\"  >\n\t\t\t\n\t\t\t\n\n<p>Hi\u1ec3n th\u1ecb t\u1ea5t c\u1ea3 3 k\u1ebft qu\u1ea3<\/p>\n\n\t\t<\/div>\n\t\t\t\t\t<\/div>\n\n\t\n\n\t<div id=\"col-522139018\" class=\"col medium-7 small-12 large-7\"  >\n\t\t\t\t<div class=\"col-inner\"  >\n\t\t\t\n\t\t\t\n\n\n\n\n<div class=\"wpcf7 no-js\" id=\"wpcf7-f857-o2\" lang=\"vi\" dir=\"ltr\" data-wpcf7-id=\"857\">\n<div class=\"screen-reader-response\"><p role=\"status\" aria-live=\"polite\" aria-atomic=\"true\"><\/p> <ul><\/ul><\/div>\n<form action=\"\/index.php\/wp-json\/wp\/v2\/pages\/668#wpcf7-f857-o2\" method=\"post\" class=\"wpcf7-form init\" aria-label=\"Form li\u00ean h\u1ec7\" novalidate=\"novalidate\" data-status=\"init\">\n<fieldset class=\"hidden-fields-container\"><input type=\"hidden\" name=\"_wpcf7\" value=\"857\" \/><input type=\"hidden\" name=\"_wpcf7_version\" value=\"6.1\" \/><input type=\"hidden\" name=\"_wpcf7_locale\" value=\"vi\" \/><input type=\"hidden\" name=\"_wpcf7_unit_tag\" value=\"wpcf7-f857-o2\" \/><input type=\"hidden\" name=\"_wpcf7_container_post\" value=\"0\" \/><input type=\"hidden\" name=\"_wpcf7_posted_data_hash\" value=\"\" \/>\n<\/fieldset>\n<p><select onchange=\"location = this.value;\">\n <option value=\"?orderby=menu_order\" selected>Th\u1ee9 t\u1ef1 m\u1eb7c \u0111\u1ecbnh<\/option>\n <option value=\"?orderby=popularity\">Th\u1ee9 t\u1ef1 theo m\u1ee9c ph\u1ed5 bi\u1ebfn<\/option>\n <option value=\"?orderby=rating\">Th\u1ee9 t\u1ef1 theo \u0111i\u1ec3m \u0111\u00e1nh gi\u00e1<\/option>\n <option value=\"?orderby=date\">M\u1edbi nh\u1ea5t<\/option>\n <option value=\"?orderby=price\">Th\u1ee9 t\u1ef1 theo gi\u00e1: Th\u1ea5p \u0111\u1ebfn cao<\/option>\n <option value=\"?orderby=price-desc\">Th\u1ee9 t\u1ef1 theo gi\u00e1: cao xu\u1ed1ng th\u1ea5p<\/option>\n<\/select>\n<\/p><div class=\"wpcf7-response-output\" aria-hidden=\"true\"><\/div>\n<\/form>\n<\/div>\n\n\n\n\t\t<\/div>\n\t\t\t\t\t<\/div>\n\n\t\n\n<\/div>\n\n\t\t<\/div>\n\t\t\t\t\n<style>\n#col-1397403197 > .col-inner {\n  padding: 0px 0px 0px 0px;\n}\n<\/style>\n\t<\/div>\n\n\t\n\n\n<style>\n#row-2047053325 > .col > .col-inner {\n  padding: 0px 0px 0px 0px;\n}\n@media (min-width:850px) {\n  #row-2047053325 > .col > .col-inner {\n    padding: 0px 200px 0px 200px;\n  }\n}\n<\/style>\n<\/div>\n<div class=\"row row-collapse row-full-width\"  id=\"row-1108494484\">\n\n\n\t<div id=\"col-735697406\" class=\"col small-12 large-12\"  >\n\t\t\t\t<div class=\"col-inner\"  >\n\t\t\t\n\t\t\t\n\n<div class=\"row\"  id=\"row-1431881622\">\n\n\n\t<div id=\"col-1538765417\" class=\"col medium-4 small-12 large-4\"  >\n\t\t\t\t<div class=\"col-inner\"  >\n\t\t\t\n\t\t\t\n\n\n  <div class=\"banner has-hover\" id=\"banner-1826265232\">\n          <div class=\"banner-inner fill\">\n        <div class=\"banner-bg fill\" >\n            <div class=\"bg fill bg-fill \"><\/div>\n                                    \n                    <\/div>\n\t\t\n        <div class=\"banner-layers container\">\n            <a class=\"fill\" href=\"https:\/\/hieuanh.id.vn\/index.php\/tour-du-lich-dai-loan\/\" ><div class=\"fill banner-link\"><\/div><\/a>            \n\n   <div id=\"text-box-1685592103\" class=\"text-box banner-layer white x50 md-x50 lg-x50 y100 md-y100 lg-y100 res-text\">\n                                <div class=\"text-box-content text dark\">\n              \n              <div class=\"text-inner text-center\">\n                  \n\n<h3 style=\"text-align: left;\"><span style=\"color: #282828;\"><strong>Tour Du l\u1ecbch \u0110\u00e0i Loan 5 ng\u00e0y 4 \u0111\u00eam<\/strong><\/span><\/h3>\n<h3 style=\"text-align: left;\"><span style=\"color: #282828;\"><img decoding=\"async\" class=\"alignnone wp-image-71\" src=\"http:\/\/hieuanh.id.vn\/wp-content\/uploads\/2025\/07\/dh.jpg\" alt=\"\" width=\"17\" height=\"17\" srcset=\"https:\/\/hieuanh.id.vn\/wp-content\/uploads\/2025\/07\/dh.jpg 225w, https:\/\/hieuanh.id.vn\/wp-content\/uploads\/2025\/07\/dh-100x100.jpg 100w\" sizes=\"(max-width: 17px) 100vw, 17px\" \/> 4 ng\u00e0y 3 \u0111\u00eam<\/span><\/h3>\n<h3 style=\"text-align: left;\"><span style=\"color: #282828;\"><img decoding=\"async\" class=\"alignnone wp-image-73\" src=\"http:\/\/hieuanh.id.vn\/wp-content\/uploads\/2025\/07\/download.png\" alt=\"\" width=\"17\" height=\"17\" srcset=\"https:\/\/hieuanh.id.vn\/wp-content\/uploads\/2025\/07\/download.png 225w, https:\/\/hieuanh.id.vn\/wp-content\/uploads\/2025\/07\/download-100x100.png 100w\" sizes=\"(max-width: 17px) 100vw, 17px\" \/> \u00a0H\u00e0 N\u1ed9i &#8211; Singapore &#8211; Malaysia &#8211; H\u00e0 N\u1ed9i<\/span><\/h3>\n<div class=\"row row-collapse row-full-width\"  id=\"row-1097457743\">\n\n\n\t<div id=\"col-701802073\" class=\"col medium-6 large-6\"  >\n\t\t\t\t<div class=\"col-inner\"  >\n\t\t\t\n\t\t\t\n\n\t<div id=\"text-1160756178\" class=\"text adven-tour-price\">\n\t\t\n\n<p><span style=\"color: #ed1c24;\">120,000 \u0111\u1ed3ng<\/span><\/p>\n\t\t\t<\/div>\n\t\n\n\t\t<\/div>\n\t\t\t\t\t<\/div>\n\n\t\n\n\t<div id=\"col-1109048898\" class=\"col medium-6 large-6\"  >\n\t\t\t\t<div class=\"col-inner\"  >\n\t\t\t\n\t\t\t\n\n\t<div id=\"text-800015882\" class=\"text adven-tour-btn\">\n\t\t\n\n<h3><a href=\"_wp_link_placeholder\" data-wplink-edit=\"true\">XEM CHI TI\u1ebeT<\/a><\/h3>\n\t\t\t<\/div>\n\t\n\n\t\t<\/div>\n\t\t\t\t\t<\/div>\n\n\t\n\n<\/div>\n\n              <\/div>\n           <\/div>\n                            \n<style>\n#text-box-1685592103 {\n  width: 100%;\n}\n#text-box-1685592103 .text-box-content {\n  font-size: 100%;\n}\n<\/style>\n    <\/div>\n \n\n        <\/div>\n      <\/div>\n\n            \n<style>\n#banner-1826265232 {\n  padding-top: 700px;\n}\n#banner-1826265232 .bg.bg-loaded {\n  background-image: url(https:\/\/hieuanh.id.vn\/wp-content\/uploads\/2025\/07\/tour1-1-247x296-1.jpg);\n}\n<\/style>\n  <\/div>\n\n\n\n\t\t<\/div>\n\t\t\t\t\t<\/div>\n\n\t\n\n\t<div id=\"col-2058586263\" class=\"col medium-4 small-12 large-4\"  >\n\t\t\t\t<div class=\"col-inner\"  >\n\t\t\t\n\t\t\t\n\n\n  <div class=\"banner has-hover\" id=\"banner-1845599929\">\n          <div class=\"banner-inner fill\">\n        <div class=\"banner-bg fill\" >\n            <div class=\"bg fill bg-fill \"><\/div>\n                                    \n                    <\/div>\n\t\t\n        <div class=\"banner-layers container\">\n            <a class=\"fill\" href=\"http:\/\/hieuanh.id.vn\/index.php\/tour-hanquoc\/\" ><div class=\"fill banner-link\"><\/div><\/a>            \n\n   <div id=\"text-box-2000657796\" class=\"text-box banner-layer white x50 md-x50 lg-x50 y100 md-y100 lg-y100 res-text\">\n                                <div class=\"text-box-content text dark\">\n              \n              <div class=\"text-inner text-center\">\n                  \n\n<h3 style=\"text-align: left;\"><strong><span style=\"color: #333399;\">Tour du l\u1ecbch H\u00e0n Qu\u1ed1c 6N5\u0110<\/span><\/strong><\/h3>\n<h3 style=\"text-align: left;\"><span style=\"color: #282828;\"><img decoding=\"async\" class=\"alignnone wp-image-71\" src=\"http:\/\/hieuanh.id.vn\/wp-content\/uploads\/2025\/07\/dh.jpg\" alt=\"\" width=\"17\" height=\"17\" srcset=\"https:\/\/hieuanh.id.vn\/wp-content\/uploads\/2025\/07\/dh.jpg 225w, https:\/\/hieuanh.id.vn\/wp-content\/uploads\/2025\/07\/dh-100x100.jpg 100w\" sizes=\"(max-width: 17px) 100vw, 17px\" \/> 6 ng\u00e0y 5 \u0111\u00eam<\/span><\/h3>\n<h3 style=\"text-align: left;\"><span style=\"color: #282828;\"><img decoding=\"async\" class=\"alignnone wp-image-73\" src=\"http:\/\/hieuanh.id.vn\/wp-content\/uploads\/2025\/07\/download.png\" alt=\"\" width=\"17\" height=\"17\" srcset=\"https:\/\/hieuanh.id.vn\/wp-content\/uploads\/2025\/07\/download.png 225w, https:\/\/hieuanh.id.vn\/wp-content\/uploads\/2025\/07\/download-100x100.png 100w\" sizes=\"(max-width: 17px) 100vw, 17px\" \/><span style=\"font-size: 100%;\"> H\u00e0n Qu\u1ed1c &#8211; H\u1ed3 Ch\u00ed Minh &#8211; H\u00e0n Qu\u1ed1c<\/span><\/span><\/h3>\n<div class=\"row row-collapse row-full-width\"  id=\"row-1822571147\">\n\n\n\t<div id=\"col-116534856\" class=\"col medium-6 large-6\"  >\n\t\t\t\t<div class=\"col-inner\"  >\n\t\t\t\n\t\t\t\n\n\t<div id=\"text-1453386335\" class=\"text adven-tour-price\">\n\t\t\n\n<p><span style=\"color: #ed1c24;\">6,500,000 \u0111\u1ed3ng<\/span><\/p>\n\t\t\t<\/div>\n\t\n\n\t\t<\/div>\n\t\t\t\t\t<\/div>\n\n\t\n\n\t<div id=\"col-508548603\" class=\"col medium-6 large-6\"  >\n\t\t\t\t<div class=\"col-inner\"  >\n\t\t\t\n\t\t\t\n\n\t<div id=\"text-3697243086\" class=\"text adven-tour-btn\">\n\t\t\n\n<h3><a href=\"http:\/\/hieuanh.id.vn\/index.php\/tour-hanquoc\/\">XEM CHI TI\u1ebeT<\/a><\/h3>\n\t\t\t<\/div>\n\t\n\n\t\t<\/div>\n\t\t\t\t\t<\/div>\n\n\t\n\n<\/div>\n\n              <\/div>\n           <\/div>\n                            \n<style>\n#text-box-2000657796 {\n  width: 100%;\n}\n#text-box-2000657796 .text-box-content {\n  font-size: 100%;\n}\n<\/style>\n    <\/div>\n \n\n        <\/div>\n      <\/div>\n\n            \n<style>\n#banner-1845599929 {\n  padding-top: 700px;\n}\n#banner-1845599929 .bg.bg-loaded {\n  background-image: url(https:\/\/hieuanh.id.vn\/wp-content\/uploads\/2025\/07\/congvao-247x296-1.jpg);\n}\n<\/style>\n  <\/div>\n\n\n\n\t\t<\/div>\n\t\t\t\t\t<\/div>\n\n\t\n\n\t<div id=\"col-2049278648\" class=\"col medium-4 small-12 large-4\"  >\n\t\t\t\t<div class=\"col-inner\"  >\n\t\t\t\n\t\t\t\n\n\n  <div class=\"banner has-hover\" id=\"banner-334174082\">\n          <div class=\"banner-inner fill\">\n        <div class=\"banner-bg fill\" >\n            <div class=\"bg fill bg-fill \"><\/div>\n                                    \n                    <\/div>\n\t\t\n        <div class=\"banner-layers container\">\n            <a class=\"fill\" href=\"https:\/\/hieuanh.id.vn\/index.php\/tour-nhatban\/\" ><div class=\"fill banner-link\"><\/div><\/a>            \n\n   <div id=\"text-box-1439682017\" class=\"text-box banner-layer white x50 md-x50 lg-x50 y100 md-y100 lg-y100 res-text\">\n                                <div class=\"text-box-content text dark\">\n              \n              <div class=\"text-inner text-center\">\n                  \n\n<h3 style=\"text-align: left;\"><span style=\"color: #282828;\"><strong>Tour du l\u1ecbch Nh\u1eadt B\u1ea3n m\u00f9a hoa anh \u0111\u00e0o<\/strong><\/span><\/h3>\n<h3 style=\"text-align: left;\"><span style=\"color: #282828;\"><img decoding=\"async\" class=\"alignnone wp-image-71\" src=\"http:\/\/hieuanh.id.vn\/wp-content\/uploads\/2025\/07\/dh.jpg\" alt=\"\" width=\"17\" height=\"17\" srcset=\"https:\/\/hieuanh.id.vn\/wp-content\/uploads\/2025\/07\/dh.jpg 225w, https:\/\/hieuanh.id.vn\/wp-content\/uploads\/2025\/07\/dh-100x100.jpg 100w\" sizes=\"(max-width: 17px) 100vw, 17px\" \/>\u00a04 ng\u00e0y 3 \u0111\u00eam<\/span><\/h3>\n<h3 style=\"text-align: left;\"><span style=\"color: #282828;\"><img decoding=\"async\" class=\"alignnone wp-image-73\" src=\"http:\/\/hieuanh.id.vn\/wp-content\/uploads\/2025\/07\/download.png\" alt=\"\" width=\"17\" height=\"17\" srcset=\"https:\/\/hieuanh.id.vn\/wp-content\/uploads\/2025\/07\/download.png 225w, https:\/\/hieuanh.id.vn\/wp-content\/uploads\/2025\/07\/download-100x100.png 100w\" sizes=\"(max-width: 17px) 100vw, 17px\" \/> \u00a0H\u00e0 N\u1ed9i &#8211; Singapore &#8211; Malaysia &#8211; H\u00e0 N\u1ed9i<\/span><\/h3>\n<div class=\"row row-collapse row-full-width\"  id=\"row-1225192933\">\n\n\n\t<div id=\"col-99634554\" class=\"col medium-6 large-6\"  >\n\t\t\t\t<div class=\"col-inner\"  >\n\t\t\t\n\t\t\t\n\n\t<div id=\"text-753603631\" class=\"text adven-tour-price\">\n\t\t\n\n<p><span style=\"color: #ed1c24;\">5,500,000 \u0111\u1ed3ng<\/span><\/p>\n\t\t\t<\/div>\n\t\n\n\t\t<\/div>\n\t\t\t\t\t<\/div>\n\n\t\n\n\t<div id=\"col-952628056\" class=\"col medium-6 large-6\"  >\n\t\t\t\t<div class=\"col-inner\"  >\n\t\t\t\n\t\t\t\n\n\t<div id=\"text-2738137588\" class=\"text adven-tour-btn\">\n\t\t\n\n<h3><a href=\"https:\/\/hieuanh.id.vn\/index.php\/tour-nhatban\/\">XEM CHI TI\u1ebeT<\/a><\/h3>\n\t\t\t<\/div>\n\t\n\n\t\t<\/div>\n\t\t\t\t\t<\/div>\n\n\t\n\n<\/div>\n\n              <\/div>\n           <\/div>\n                            \n<style>\n#text-box-1439682017 {\n  width: 100%;\n}\n#text-box-1439682017 .text-box-content {\n  font-size: 100%;\n}\n<\/style>\n    <\/div>\n \n\n        <\/div>\n      <\/div>\n\n            \n<style>\n#banner-334174082 {\n  padding-top: 700px;\n}\n#banner-334174082 .bg.bg-loaded {\n  background-image: url(https:\/\/hieuanh.id.vn\/wp-content\/uploads\/2025\/08\/tour-nhat-ban-247x296-1.jpg);\n}\n<\/style>\n  <\/div>\n\n\n\n\t\t<\/div>\n\t\t\t\t\t<\/div>\n\n\t\n\n<\/div>\n\n\t\t<\/div>\n\t\t\t\t\t<\/div>\n\n\t\n\n\n<style>\n#row-1108494484 > .col > .col-inner {\n  padding: 0px 0px 0px 0px;\n}\n@media (min-width:850px) {\n  #row-1108494484 > .col > .col-inner {\n    padding: 0px 149px 0px 200px;\n  }\n}\n<\/style>\n<\/div>\n\n\t\t<\/div>\n\n\t\t\n<style>\n#section_409166370 {\n  padding-top: 30px;\n  padding-bottom: 30px;\n}\n<\/style>\n\t<\/section>\n\t\n\n","protected":false},"excerpt":{"rendered":"","protected":false},"author":1,"featured_media":0,"parent":0,"menu_order":0,"comment_status":"closed","ping_status":"closed","template":"page-blank.php","meta":{"footnotes":""},"class_list":["post-668","page","type-page","status-publish","hentry"],"_links":{"self":[{"href":"https:\/\/hieuanh.id.vn\/index.php\/wp-json\/wp\/v2\/pages\/668","targetHints":{"allow":["GET"]}}],"collection":[{"href":"https:\/\/hieuanh.id.vn\/index.php\/wp-json\/wp\/v2\/pages"}],"about":[{"href":"https:\/\/hieuanh.id.vn\/index.php\/wp-json\/wp\/v2\/types\/page"}],"author":[{"embeddable":true,"href":"https:\/\/hieuanh.id.vn\/index.php\/wp-json\/wp\/v2\/users\/1"}],"replies":[{"embeddable":true,"href":"https:\/\/hieuanh.id.vn\/index.php\/wp-json\/wp\/v2\/comments?post=668"}],"version-history":[{"count":13,"href":"https:\/\/hieuanh.id.vn\/index.php\/wp-json\/wp\/v2\/pages\/668\/revisions"}],"predecessor-version":[{"id":1447,"href":"https:\/\/hieuanh.id.vn\/index.php\/wp-json\/wp\/v2\/pages\/668\/revisions\/1447"}],"wp:attachment":[{"href":"https:\/\/hieuanh.id.vn\/index.php\/wp-json\/wp\/v2\/media?parent=668"}],"curies":[{"name":"wp","href":"https:\/\/api.w.org\/{rel}","templated":true}]}}