{"id":671,"date":"2025-07-08T14:29:58","date_gmt":"2025-07-08T14:29:58","guid":{"rendered":"https:\/\/hieuanh.id.vn\/?page_id=671"},"modified":"2025-08-12T03:27:04","modified_gmt":"2025-08-12T03:27:04","slug":"kinh-nghiem-du-lich","status":"publish","type":"page","link":"https:\/\/hieuanh.id.vn\/index.php\/kinh-nghiem-du-lich\/","title":{"rendered":"Kinh nghi\u1ec7m du l\u1ecbch"},"content":{"rendered":"\n\t<section class=\"section\" id=\"section_1921098688\">\n\t\t<div class=\"bg section-bg fill bg-fill  bg-loaded\" >\n\n\t\t\t\n\t\t\t\n\t\t\t\n\n\t\t<\/div>\n\n\t\t\n\n\t\t<div class=\"section-content relative\">\n\t\t\t\n\n<div class=\"row\"  id=\"row-1274376458\">\n\n\n\t<div id=\"col-1459274163\" class=\"col small-12 large-12\"  >\n\t\t\t\t<div class=\"col-inner\"  >\n\t\t\t\n\t\t\t\n\n<div class=\"row\"  id=\"row-292673730\">\n\n\n\t<div id=\"col-1176447172\" class=\"col medium-4 small-12 large-4\"  >\n\t\t\t\t<div class=\"col-inner\"  >\n\t\t\t\n\t\t\t\n\n\n  <div class=\"banner has-hover .bai-viet-wrapper\" id=\"banner-1428850447\">\n          <div class=\"banner-inner fill\">\n        <div class=\"banner-bg fill\" >\n            <div class=\"bg fill bg-fill \"><\/div>\n                                    \n\t<div class=\"is-border\"\n\t\tstyle=\"border-color:#181b1f;border-width:0px 0px 0px 0px;\">\n\t<\/div>\n                    <\/div>\n\t\t\n        <div class=\"banner-layers container\">\n            <a class=\"fill\" href=\"https:\/\/hieuanh.id.vn\/index.php\/kinh-nghiem-phuot-tay-bac-mua-dong\/\" ><div class=\"fill banner-link\"><\/div><\/a>            \n\n   <div id=\"text-box-1305827620\" class=\"text-box banner-layer white x50 md-x50 lg-x50 y100 md-y100 lg-y100 res-text\">\n                                <div class=\"text-box-content text dark\">\n              \n              <div class=\"text-inner text-center\">\n                  \n\n<p style=\"text-align: left;\"><span style=\"font-size: 300%;\"><strong><span style=\"color: #282828;\">Kinh nghi\u1ec7m ph\u01b0\u1ee3t T\u00e2y B\u1eafc m\u00f9a \u0110\u00f4ng<\/span><\/strong><\/span><\/p>\n<p style=\"text-align: left;\"><span style=\"font-size: 200%; color: #282828;\">S\u00e0 b\u00e0i \u0111i!!! Vi\u1ec7t Anh v\u1eeba k\u1ebft th\u00fac chuy\u1ebfn <\/span><\/p>\n<p style=\"text-align: left;\"><span style=\"font-size: 200%;\"><span style=\"color: #282828;\">du l\u1ecbch <\/span><span style=\"color: #282828;\">L\u00e0o t\u1ef1 t\u00fac trong 10 ng\u00e0y,&#8230;\u00a0<\/span><\/span><\/p>\n\n              <\/div>\n           <\/div>\n                            \n<style>\n#text-box-1305827620 {\n  margin: 0px 0px 0px 0px;\n  width: 100%;\n}\n#text-box-1305827620 .text-box-content {\n  font-size: 100%;\n}\n<\/style>\n    <\/div>\n \n   <div id=\"text-box-886300020\" class=\"text-box banner-layer x0 md-x0 lg-x0 y5 md-y5 lg-y5 res-text\">\n                                <div class=\"text-box-content text dark\">\n              \n\t<div class=\"is-border\"\n\t\tstyle=\"border-color:#00a0d2;border-width:0px 0px 0px 0px;\">\n\t<\/div>\n              <div class=\"text-inner text-center\">\n                  \n\n\t<div id=\"text-4160155702\" class=\"text adven-date-box\">\n\t\t\n\n<p><span style=\"font-size: 150%;\">02<\/span><\/p>\n<p><span style=\"font-size: 120%;\">th11<\/span><\/p>\n\t\t\t<\/div>\n\t\n\n              <\/div>\n           <\/div>\n                            \n<style>\n#text-box-886300020 .text-box-content {\n  background-color: #ffffff;\n  font-size: 100%;\n}\n#text-box-886300020 {\n  width: 24%;\n}\n<\/style>\n    <\/div>\n \n\n        <\/div>\n      <\/div>\n\n            \n<style>\n#banner-1428850447 {\n  padding-top: 500px;\n}\n#banner-1428850447 .bg.bg-loaded {\n  background-image: url(https:\/\/hieuanh.id.vn\/wp-content\/uploads\/2025\/07\/khung-canh-nha-tho-da-sapa.jpg);\n}\n<\/style>\n  <\/div>\n\n\n\n\t\t<\/div>\n\t\t\t\t\t<\/div>\n\n\t\n\n\t<div id=\"col-577883145\" class=\"col medium-4 small-12 large-4\"  >\n\t\t\t\t<div class=\"col-inner\"  >\n\t\t\t\n\t\t\t\n\n\n  <div class=\"banner has-hover\" id=\"banner-699044740\">\n          <div class=\"banner-inner fill\">\n        <div class=\"banner-bg fill\" >\n            <div class=\"bg fill bg-fill \"><\/div>\n                                    \n\t<div class=\"is-border\"\n\t\tstyle=\"border-color:#181b1f;border-width:0px 0px 0px 0px;\">\n\t<\/div>\n                    <\/div>\n\t\t\n        <div class=\"banner-layers container\">\n            <a class=\"fill\" href=\"https:\/\/hieuanh.id.vn\/index.php\/kinh-nghiem-checking-da-lat-mua-dong\/\" ><div class=\"fill banner-link\"><\/div><\/a>            \n\n   <div id=\"text-box-1870699723\" class=\"text-box banner-layer white x50 md-x50 lg-x50 y100 md-y100 lg-y100 res-text\">\n                                <div class=\"text-box-content text dark\">\n              \n\t<div class=\"is-border\"\n\t\tstyle=\"border-color:#181b1f;border-width:0px 0px 0px 0px;margin:0px 0px 0px 0px;\">\n\t<\/div>\n              <div class=\"text-inner text-center\">\n                  \n\n<p style=\"text-align: left;\"><strong><span style=\"font-size: 300%; color: #282828;\">Kinh nghi\u1ec7m checking \u0110\u00e0 L\u1ea1t m\u00f9a \u0110\u00f4ng<\/span><\/strong><\/p>\n<p style=\"text-align: left;\"><span style=\"font-size: 200%; color: #282828;\">S\u00e0 b\u00e0i \u0111i!!! Vi\u1ec7t Anh v\u1eeba k\u1ebft th\u00fac chuy\u1ebfn <\/span><\/p>\n<p style=\"text-align: left;\"><span style=\"font-size: 200%;\"><span style=\"color: #282828;\">du l\u1ecbch <\/span><span style=\"color: #282828;\">L\u00e0o t\u1ef1 t\u00fac trong 10 ng\u00e0y<\/span><\/span><\/p>\n<p>\u00a0<\/p>\n\n              <\/div>\n           <\/div>\n                            \n<style>\n#text-box-1870699723 {\n  margin: 0px 0px 0px 0px;\n  width: 100%;\n}\n#text-box-1870699723 .text-inner {\n  padding: 0px 0px 0px 0px;\n}\n#text-box-1870699723 .text-box-content {\n  font-size: 100%;\n}\n<\/style>\n    <\/div>\n \n   <div id=\"text-box-1549999828\" class=\"text-box banner-layer white x0 md-x0 lg-x0 y5 md-y5 lg-y5 res-text\">\n                                <div class=\"text-box-content text dark\">\n              \n\t<div class=\"is-border\"\n\t\tstyle=\"border-color:#00a0d2;border-width:0px 0px 0px 0px;\">\n\t<\/div>\n              <div class=\"text-inner text-center\">\n                  \n\n\t<div id=\"text-259174037\" class=\"text adven-date-box\">\n\t\t\n\n<p><span style=\"color: #00aae7; font-size: 150%;\">02<\/span><\/p>\n<p><span style=\"color: #00aae7; font-size: 120%;\">th11<\/span><\/p>\n\t\t\t<\/div>\n\t\n\n              <\/div>\n           <\/div>\n                            \n<style>\n#text-box-1549999828 {\n  width: 22%;\n}\n#text-box-1549999828 .text-box-content {\n  font-size: 100%;\n}\n<\/style>\n    <\/div>\n \n\n        <\/div>\n      <\/div>\n\n            \n<style>\n#banner-699044740 {\n  padding-top: 500px;\n}\n#banner-699044740 .bg.bg-loaded {\n  background-image: url(https:\/\/hieuanh.id.vn\/wp-content\/uploads\/2025\/07\/du-licca3ch-da-lacca3t-dung-quen-ghe-check-in-doi-che-cau-dat-149-768x516-1.jpg);\n}\n<\/style>\n  <\/div>\n\n\n\n\t\t<\/div>\n\t\t\t\t\t<\/div>\n\n\t\n\n\t<div id=\"col-104009733\" class=\"col medium-4 small-12 large-4\"  >\n\t\t\t\t<div class=\"col-inner\"  >\n\t\t\t\n\t\t\t\n\n\n  <div class=\"banner has-hover\" id=\"banner-889933677\">\n          <div class=\"banner-inner fill\">\n        <div class=\"banner-bg fill\" >\n            <div class=\"bg fill bg-fill \"><\/div>\n                                    \n\t<div class=\"is-border\"\n\t\tstyle=\"border-color:#181b1f;border-width:0px 0px 0px 0px;\">\n\t<\/div>\n                    <\/div>\n\t\t\n        <div class=\"banner-layers container\">\n            <a class=\"fill\" href=\"https:\/\/hieuanh.id.vn\/index.php\/kinh-nghiem-du-lich-tu-tuc-sapa-3-ngay-2-dem\/\" ><div class=\"fill banner-link\"><\/div><\/a>            \n\n   <div id=\"text-box-915577845\" class=\"text-box banner-layer white x50 md-x50 lg-x50 y100 md-y100 lg-y100 res-text\">\n                                <div class=\"text-box-content text dark\">\n              \n              <div class=\"text-inner text-center\">\n                  \n\n<p class=\"entry-title\" style=\"text-align: left;\"><span style=\"color: #282828;\"><strong><span style=\"font-size: 300%;\">Kinh nghi\u1ec7m du l\u1ecbch t\u1ef1 t\u00fac Sapa 3 ng\u00e0y 2 \u0111\u00eam<\/span><\/strong><\/span><\/p>\n<p style=\"text-align: left;\"><span style=\"font-size: 200%; color: #282828;\">S\u00e0 b\u00e0i \u0111i!!! Vi\u1ec7t Anh v\u1eeba k\u1ebft th\u00fac chuy\u1ebfn <\/span><\/p>\n<p style=\"text-align: left;\"><span style=\"font-size: 200%; color: #282828;\">du l\u1ecbch L\u00e0o t\u1ef1 t\u00fac trong 10 ng\u00e0y,&#8230;\u00a0<\/span><\/p>\n<p>\u00a0<\/p>\n\n              <\/div>\n           <\/div>\n                            \n<style>\n#text-box-915577845 {\n  width: 100%;\n}\n#text-box-915577845 .text-box-content {\n  font-size: 100%;\n}\n<\/style>\n    <\/div>\n \n   <div id=\"text-box-1051708219\" class=\"text-box banner-layer white x0 md-x0 lg-x0 y5 md-y5 lg-y5 res-text\">\n                                <div class=\"text-box-content text dark\">\n              \n\t<div class=\"is-border\"\n\t\tstyle=\"border-color:#00a0d2;border-width:0px 0px 0px 0px;\">\n\t<\/div>\n              <div class=\"text-inner text-center\">\n                  \n\n\t<div id=\"text-2919382715\" class=\"text adven-date-box\">\n\t\t\n\n<p><span style=\"font-size: 150%;\">02<\/span><\/p>\n<p><span style=\"font-size: 120%;\">th11<\/span><\/p>\n\t\t\t<\/div>\n\t\n\n              <\/div>\n           <\/div>\n                            \n<style>\n#text-box-1051708219 .text-box-content {\n  background-color: #00a0d2;\n  font-size: 100%;\n}\n#text-box-1051708219 {\n  width: 24%;\n}\n<\/style>\n    <\/div>\n \n\n        <\/div>\n      <\/div>\n\n            \n<style>\n#banner-889933677 {\n  padding-top: 500px;\n}\n#banner-889933677 .bg.bg-loaded {\n  background-image: url(https:\/\/hieuanh.id.vn\/wp-content\/uploads\/2025\/07\/du-licca3ch-da-lacca3t-dung-quen-ghe-check-in-doi-che-cau-dat-149-2.jpg);\n}\n<\/style>\n  <\/div>\n\n\n\n\t\t<\/div>\n\t\t\t\t\t<\/div>\n\n\t\n\n\t<div id=\"col-1858302801\" class=\"col medium-4 small-12 large-4\"  >\n\t\t\t\t<div class=\"col-inner\"  >\n\t\t\t\n\t\t\t\n\n\n  <div class=\"banner has-hover\" id=\"banner-1283651573\">\n          <div class=\"banner-inner fill\">\n        <div class=\"banner-bg fill\" >\n            <div class=\"bg fill bg-fill \"><\/div>\n                                    \n                    <\/div>\n\t\t\n        <div class=\"banner-layers container\">\n            <a class=\"fill\" href=\"https:\/\/hieuanh.id.vn\/index.php\/kinh-nghiem-du-lich-luang\/\" ><div class=\"fill banner-link\"><\/div><\/a>            \n\n   <div id=\"text-box-1113742030\" class=\"text-box banner-layer white x50 md-x50 lg-x50 y100 md-y100 lg-y100 res-text\">\n                                <div class=\"text-box-content text dark\">\n              \n              <div class=\"text-inner text-center\">\n                  \n\n<p class=\"entry-title\" style=\"text-align: left;\"><strong><span style=\"font-size: 300%; color: #282828;\">Chia s\u1ebb kinh nghi\u1ec7m du l\u1ecbch Luang Prabang t\u1ef1 t\u00fac<\/span><\/strong><\/p>\n<p style=\"text-align: left;\"><span style=\"font-size: 200%; color: #282828;\">S\u00e0 b\u00e0i \u0111i!!! Vi\u1ec7t Anh v\u1eeba k\u1ebft th\u00fac chuy\u1ebfn du l\u1ecbch L\u00e0o t\u1ef1 t\u00fac trong 10 ng\u00e0y, &#8230;<\/span><\/p>\n<p>\u00a0<\/p>\n<p>\u00a0<\/p>\n\n              <\/div>\n           <\/div>\n                            \n<style>\n#text-box-1113742030 {\n  width: 100%;\n}\n#text-box-1113742030 .text-box-content {\n  font-size: 100%;\n}\n<\/style>\n    <\/div>\n \n   <div id=\"text-box-1437917894\" class=\"text-box banner-layer white x0 md-x0 lg-x0 y5 md-y5 lg-y5 res-text\">\n                                <div class=\"text-box-content text dark\">\n              \n\t<div class=\"is-border\"\n\t\tstyle=\"border-color:#00a0d2;border-width:0px 0px 0px 0px;\">\n\t<\/div>\n              <div class=\"text-inner text-center\">\n                  \n\n\t<div id=\"text-1291920371\" class=\"text adven-date-box\">\n\t\t\n\n<p><span style=\"font-size: 150%;\">02<\/span><\/p>\n<p><span style=\"font-size: 120%;\">th11<\/span><\/p>\n\t\t\t<\/div>\n\t\n\n              <\/div>\n           <\/div>\n                            \n<style>\n#text-box-1437917894 .text-box-content {\n  background-color: #00a0d2;\n  font-size: 100%;\n}\n#text-box-1437917894 {\n  width: 26%;\n}\n<\/style>\n    <\/div>\n \n\n        <\/div>\n      <\/div>\n\n            \n<style>\n#banner-1283651573 {\n  padding-top: 500px;\n}\n#banner-1283651573 .bg.bg-loaded {\n  background-image: url(https:\/\/hieuanh.id.vn\/wp-content\/uploads\/2025\/07\/xin-chao-161-2.jpg);\n}\n<\/style>\n  <\/div>\n\n\n\n\t\t<\/div>\n\t\t\t\t\t<\/div>\n\n\t\n\n\t<div id=\"col-1186771537\" class=\"col medium-4 small-12 large-4\"  >\n\t\t\t\t<div class=\"col-inner\"  >\n\t\t\t\n\t\t\t\n\n\n  <div class=\"banner has-hover\" id=\"banner-70595289\">\n          <div class=\"banner-inner fill\">\n        <div class=\"banner-bg fill\" >\n            <div class=\"bg fill bg-fill \"><\/div>\n                                    \n                    <\/div>\n\t\t\n        <div class=\"banner-layers container\">\n            <a class=\"fill\" href=\"https:\/\/hieuanh.id.vn\/index.php\/doi-che-caudat\/\" ><div class=\"fill banner-link\"><\/div><\/a>            \n\n   <div id=\"text-box-2095093989\" class=\"text-box banner-layer white x50 md-x50 lg-x50 y100 md-y100 lg-y100 res-text\">\n                                <div class=\"text-box-content text dark\">\n              \n              <div class=\"text-inner text-center\">\n                  \n\n<p class=\"entry-title\" style=\"text-align: left;\"><strong><span style=\"font-size: 300%; color: #282828;\">Du li\u0323ch \u0110a\u0300 La\u0323t \u2013 \u0111\u01b0\u0300ng qu\u00ean ghe\u0301 \u201ccheck-in\u201d \u0111\u00f4\u0300i che\u0300 C\u00e2\u0300u \u0110\u00e2\u0301t<\/span><\/strong><\/p>\n<p style=\"text-align: left;\"><span style=\"font-size: 250%;\"><span style=\"color: #282828;\">Ai ai t\u01b0\u0300ng m\u00f4\u0323t l\u00e2\u0300n \u0111\u00ea\u0301n du li\u0323ch \u0110a\u0300 La\u0323t \u0111\u00ea\u0300u ch\u0103\u0309ng th\u00ea\u0301 bo\u0309 qua vi\u00ea\u0323c ghe\u0301&#8230;<\/span><\/span><\/p>\n\n              <\/div>\n           <\/div>\n                            \n<style>\n#text-box-2095093989 {\n  width: 100%;\n}\n#text-box-2095093989 .text-box-content {\n  font-size: 100%;\n}\n<\/style>\n    <\/div>\n \n   <div id=\"text-box-1778782030\" class=\"text-box banner-layer white x0 md-x0 lg-x0 y5 md-y5 lg-y5 res-text\">\n                                <div class=\"text-box-content text dark\">\n              \n\t<div class=\"is-border\"\n\t\tstyle=\"border-color:#00a0d2;border-width:0px 0px 0px 0px;\">\n\t<\/div>\n              <div class=\"text-inner text-center\">\n                  \n\n\t<div id=\"text-1926871273\" class=\"text adven-date-box\">\n\t\t\n\n<p><span style=\"font-size: 150%;\">02<\/span><\/p>\n<p><span style=\"font-size: 120%;\">th11<\/span><\/p>\n\t\t\t<\/div>\n\t\n\n              <\/div>\n           <\/div>\n                            \n<style>\n#text-box-1778782030 {\n  width: 22%;\n}\n#text-box-1778782030 .text-box-content {\n  font-size: 100%;\n}\n<\/style>\n    <\/div>\n \n\n        <\/div>\n      <\/div>\n\n            \n<style>\n#banner-70595289 {\n  padding-top: 500px;\n}\n#banner-70595289 .bg.bg-loaded {\n  background-image: url(https:\/\/hieuanh.id.vn\/wp-content\/uploads\/2025\/07\/du-licca3ch-da-lacca3t-dung-quen-ghe-check-in-doi-che-cau-dat-149-5-280x225-1.jpg);\n}\n<\/style>\n  <\/div>\n\n\n\n\t\t<\/div>\n\t\t\t\t\t<\/div>\n\n\t\n\n<\/div>\n\n\t\t<\/div>\n\t\t\t\t\t<\/div>\n\n\t\n\n\n<style>\n#row-1274376458 > .col > .col-inner {\n  padding: 0px 0px 0px 0px;\n}\n@media (min-width:850px) {\n  #row-1274376458 > .col > .col-inner {\n    padding: 0px 149px 0px 240px;\n  }\n}\n<\/style>\n<\/div>\n\n\t\t<\/div>\n\n\t\t\n<style>\n#section_1921098688 {\n  padding-top: 30px;\n  padding-bottom: 30px;\n}\n<\/style>\n\t<\/section>\n\t\n\n","protected":false},"excerpt":{"rendered":"","protected":false},"author":1,"featured_media":0,"parent":0,"menu_order":0,"comment_status":"closed","ping_status":"closed","template":"page-blank.php","meta":{"footnotes":""},"class_list":["post-671","page","type-page","status-publish","hentry"],"_links":{"self":[{"href":"https:\/\/hieuanh.id.vn\/index.php\/wp-json\/wp\/v2\/pages\/671","targetHints":{"allow":["GET"]}}],"collection":[{"href":"https:\/\/hieuanh.id.vn\/index.php\/wp-json\/wp\/v2\/pages"}],"about":[{"href":"https:\/\/hieuanh.id.vn\/index.php\/wp-json\/wp\/v2\/types\/page"}],"author":[{"embeddable":true,"href":"https:\/\/hieuanh.id.vn\/index.php\/wp-json\/wp\/v2\/users\/1"}],"replies":[{"embeddable":true,"href":"https:\/\/hieuanh.id.vn\/index.php\/wp-json\/wp\/v2\/comments?post=671"}],"version-history":[{"count":59,"href":"https:\/\/hieuanh.id.vn\/index.php\/wp-json\/wp\/v2\/pages\/671\/revisions"}],"predecessor-version":[{"id":1446,"href":"https:\/\/hieuanh.id.vn\/index.php\/wp-json\/wp\/v2\/pages\/671\/revisions\/1446"}],"wp:attachment":[{"href":"https:\/\/hieuanh.id.vn\/index.php\/wp-json\/wp\/v2\/media?parent=671"}],"curies":[{"name":"wp","href":"https:\/\/api.w.org\/{rel}","templated":true}]}}