{"id":677,"date":"2025-07-08T14:31:30","date_gmt":"2025-07-08T14:31:30","guid":{"rendered":"https:\/\/hieuanh.id.vn\/?page_id=677"},"modified":"2025-08-06T06:31:37","modified_gmt":"2025-08-06T06:31:37","slug":"gioi-thieu","status":"publish","type":"page","link":"https:\/\/hieuanh.id.vn\/index.php\/gioi-thieu\/","title":{"rendered":"Gi\u1edbi Thi\u1ec7u"},"content":{"rendered":"\n\t<section class=\"section\" id=\"section_2035114916\">\n\t\t<div class=\"bg section-bg fill bg-fill  bg-loaded\" >\n\n\t\t\t\n\t\t\t\n\t\t\t\n\n\t\t<\/div>\n\n\t\t\n\n\t\t<div class=\"section-content relative\">\n\t\t\t\n\n<div class=\"row\"  id=\"row-1941156301\">\n\n\n\t<div id=\"col-1803699681\" class=\"col medium-4 small-12 large-4\"  >\n\t\t\t\t<div class=\"col-inner\"  >\n\t\t\t\n\t<div class=\"is-border\"\n\t\tstyle=\"border-width:0px 1px 0px 0px;\">\n\t<\/div>\n\t\t\t\n\n<div class=\"row\"  id=\"row-693894190\">\n\n\n\t<div id=\"col-411357817\" class=\"col medium-10 small-12 large-10\"  >\n\t\t\t\t<div class=\"col-inner\"  >\n\t\t\t\n\t\t\t\n\n<p><span style=\"color: #282828; font-size: 120%;\">Li\u00ean h\u1ec7 c\u00e0ng s\u1edbm &#8211; Gi\u00e1 c\u00e0ng r\u1ebb<\/span><\/p>\n\t<div class=\"img has-hover x md-x lg-x y md-y lg-y\" id=\"image_1806999823\">\n\t\t\t\t\t\t\t\t<div class=\"img-inner dark\" >\n\t\t\t<img decoding=\"async\" width=\"305\" height=\"83\" src=\"https:\/\/hieuanh.id.vn\/wp-content\/uploads\/2025\/07\/contact-2-copy.png\" class=\"attachment-large size-large\" alt=\"\" srcset=\"https:\/\/hieuanh.id.vn\/wp-content\/uploads\/2025\/07\/contact-2-copy.png 305w, https:\/\/hieuanh.id.vn\/wp-content\/uploads\/2025\/07\/contact-2-copy-300x83.png 300w\" sizes=\"(max-width: 305px) 100vw, 305px\" \/>\t\t\t\t\t\t\n\t\t\t\t\t<\/div>\n\t\t\t\t\t\t\t\t\n<style>\n#image_1806999823 {\n  width: 100%;\n}\n<\/style>\n\t<\/div>\n\t\n\n\n\n\n<div class=\"wpcf7 no-js\" id=\"wpcf7-f640-o1\" lang=\"vi\" dir=\"ltr\" data-wpcf7-id=\"640\">\n<div class=\"screen-reader-response\"><p role=\"status\" aria-live=\"polite\" aria-atomic=\"true\"><\/p> <ul><\/ul><\/div>\n<form action=\"\/index.php\/wp-json\/wp\/v2\/pages\/677#wpcf7-f640-o1\" method=\"post\" class=\"wpcf7-form init\" aria-label=\"Form li\u00ean h\u1ec7\" novalidate=\"novalidate\" data-status=\"init\">\n<fieldset class=\"hidden-fields-container\"><input type=\"hidden\" name=\"_wpcf7\" value=\"640\" \/><input type=\"hidden\" name=\"_wpcf7_version\" value=\"6.1\" \/><input type=\"hidden\" name=\"_wpcf7_locale\" value=\"vi\" \/><input type=\"hidden\" name=\"_wpcf7_unit_tag\" value=\"wpcf7-f640-o1\" \/><input type=\"hidden\" name=\"_wpcf7_container_post\" value=\"0\" \/><input type=\"hidden\" name=\"_wpcf7_posted_data_hash\" value=\"\" \/>\n<\/fieldset>\n<p>Ho\u1eb7c \u0111\u1ec3 l\u1ea1i s\u1ed1 \u0111i\u1ec7n tho\u1ea1i, ch\u00fang t\u00f4i s\u1ebd g\u1ecdi l\u1ea1i cho b\u1ea1n sau \u00edt ph\u00fat!\n<\/p>\n<p><label> S\u1ed1 \u0111i\u1ec7n tho\u1ea1i c\u1ee7a b\u1ea1n:<br \/>\n<span class=\"wpcf7-form-control-wrap\" data-name=\"so-dien-thoai\"><input size=\"40\" maxlength=\"400\" class=\"wpcf7-form-control wpcf7-tel wpcf7-validates-as-required wpcf7-text wpcf7-validates-as-tel\" aria-required=\"true\" aria-invalid=\"false\" placeholder=\"S\u1ed1 \u0111i\u1ec7n tho\u1ea1i c\u1ee7a t\u00f4i l\u00e0\" value=\"\" type=\"tel\" name=\"so-dien-thoai\" \/><\/span><br \/>\n<\/label>\n<\/p><div class=\"wpcf7-response-output\" aria-hidden=\"true\"><\/div>\n<\/form>\n<\/div>\n\n\n<a class=\"button primary expand orange-button\"  >\n    <span>y\u00eau c\u1ea7u g\u1ecdi l\u1ea1i<\/span>\n  <\/a>\n\n\n\n\t\t<\/div>\n\t\t\t\t\t<\/div>\n\n\t\n\n<\/div>\n<div class=\"row\"  id=\"row-901826025\">\n\n\n\t<div id=\"col-838142523\" class=\"col small-12 large-12\"  >\n\t\t\t\t<div class=\"col-inner\"  >\n\t\t\t\n\t\t\t\n\n<div class=\"container section-title-container\" ><h3 class=\"section-title section-title-normal\"><b><\/b><span class=\"section-title-main\" >TOUR - Kh\u00e1ch S\u1ea1n hot<\/span><b><\/b><\/h3><\/div>\n\n<div class=\"row\"  id=\"row-759434884\">\n\n\n\t<div id=\"col-1964878295\" class=\"col small-12 large-12\"  >\n\t\t\t\t<div class=\"col-inner\"  >\n\t\t\t\n\t\t\t\n\n<div class=\"row\"  id=\"row-1589799443\">\n\n\n\t<div id=\"col-1162619626\" class=\"col medium-4 small-12 large-4\"  >\n\t\t\t\t<div class=\"col-inner\"  >\n\t\t\t\n\t\t\t\n\n\t<div class=\"img has-hover x md-x lg-x y md-y lg-y\" id=\"image_2122896467\">\n\t\t<a class=\"\" href=\"https:\/\/hieuanh.id.vn\/index.php\/tour-nha-trang-4-ngay-3-dem\/\" >\t\t\t\t\t\t<div class=\"img-inner dark\" >\n\t\t\t<img fetchpriority=\"high\" decoding=\"async\" width=\"247\" height=\"296\" src=\"https:\/\/hieuanh.id.vn\/wp-content\/uploads\/2025\/07\/Viet_Dung-184602034655-nha-trang-247x296-2.jpg\" class=\"attachment-large size-large\" alt=\"\" \/>\t\t\t\t\t\t\n\t\t\t\t\t<\/div>\n\t\t\t\t\t\t<\/a>\t\t\n<style>\n#image_2122896467 {\n  width: 100%;\n}\n<\/style>\n\t<\/div>\n\t\n\n\n\t\t<\/div>\n\t\t\t\t\n<style>\n#col-1162619626 > .col-inner {\n  padding: 0px 0px 0px 0px;\n}\n<\/style>\n\t<\/div>\n\n\t\n\n\t<div id=\"col-644669509\" class=\"col medium-8 small-12 large-8\"  >\n\t\t\t\t<div class=\"col-inner\"  >\n\t\t\t\n\t<div class=\"is-border\"\n\t\tstyle=\"border-width:0px 0px 1px 0px;\">\n\t<\/div>\n\t\t\t\n\n<p><a href=\"https:\/\/hieuanh.id.vn\/index.php\/tour-nha-trang-4-ngay-3-dem\/\"><span style=\"font-size: 100%; color: #282828;\">Tour Nha Trang 4 ng\u00e0y 3 \u0111\u00eam<\/span><\/a><\/p>\n<p>\u00a0<\/p>\n<p><span style=\"font-size: 100%;\"><strong><span style=\"color: #33cccc;\">3,700,000 \u0111<\/span><\/strong><\/span><\/p>\n\n\t\t<\/div>\n\t\t\t\t\t<\/div>\n\n\t\n\n<\/div>\n<div class=\"row\"  id=\"row-305177348\">\n\n\n\t<div id=\"col-761314739\" class=\"col medium-4 small-12 large-4\"  >\n\t\t\t\t<div class=\"col-inner\"  >\n\t\t\t\n\t<div class=\"is-border\"\n\t\tstyle=\"border-width:1px 0px 0px 0px;margin:0px 0px 0px 0px;\">\n\t<\/div>\n\t\t\t\n\n\t<div class=\"img has-hover x md-x lg-x y md-y lg-y\" id=\"image_1384580220\">\n\t\t<a class=\"\" href=\"https:\/\/hieuanh.id.vn\/index.php\/tour-da-nang-hoi-3n2d\/\" >\t\t\t\t\t\t<div class=\"img-inner dark\" >\n\t\t\t<img decoding=\"async\" width=\"247\" height=\"296\" src=\"https:\/\/hieuanh.id.vn\/wp-content\/uploads\/2025\/07\/kinh-nghiem-du-lich-trang-mat-o-da-nang-247x296-1.png\" class=\"attachment-large size-large\" alt=\"\" \/>\t\t\t\t\t\t\n\t\t\t\t\t<\/div>\n\t\t\t\t\t\t<\/a>\t\t\n<style>\n#image_1384580220 {\n  width: 100%;\n}\n<\/style>\n\t<\/div>\n\t\n\n\n\t\t<\/div>\n\t\t\t\t\t<\/div>\n\n\t\n\n\t<div id=\"col-2031711376\" class=\"col medium-8 small-12 large-8\"  >\n\t\t\t\t<div class=\"col-inner\"  >\n\t\t\t\n\t<div class=\"is-border\"\n\t\tstyle=\"border-width:0px 0px 1px 0px;\">\n\t<\/div>\n\t\t\t\n\n<p><a href=\"https:\/\/hieuanh.id.vn\/index.php\/tour-da-nang-hoi-3n2d\/\"><span style=\"font-size: 100%; color: #282828;\">Tour \u0110\u00e0 N\u1eb5ng &#8211;\u00a0 H\u1ed9i An 3N2\u0110<\/span><\/a><\/p>\n<p>\u00a0<\/p>\n<p><span style=\"color: #33cccc; font-size: 100%;\">5,200,000 \u0111<\/span><\/p>\n\n\t\t<\/div>\n\t\t\t\t\t<\/div>\n\n\t\n\n<\/div>\n<div class=\"row\"  id=\"row-1163008724\">\n\n\n\t<div id=\"col-1450445795\" class=\"col medium-4 small-12 large-4\"  >\n\t\t\t\t<div class=\"col-inner\"  >\n\t\t\t\n\t\t\t\n\n\t<div class=\"img has-hover x md-x lg-x y md-y lg-y\" id=\"image_470226254\">\n\t\t<a class=\"\" href=\"https:\/\/hieuanh.id.vn\/index.php\/tour-hanquoc\/\" >\t\t\t\t\t\t<div class=\"img-inner dark\" >\n\t\t\t<img loading=\"lazy\" decoding=\"async\" width=\"247\" height=\"296\" src=\"https:\/\/hieuanh.id.vn\/wp-content\/uploads\/2025\/07\/congvao-247x296-1.jpg\" class=\"attachment-large size-large\" alt=\"\" \/>\t\t\t\t\t\t\n\t\t\t\t\t<\/div>\n\t\t\t\t\t\t<\/a>\t\t\n<style>\n#image_470226254 {\n  width: 100%;\n}\n<\/style>\n\t<\/div>\n\t\n\n\n\t\t<\/div>\n\t\t\t\t\t<\/div>\n\n\t\n\n\t<div id=\"col-915401005\" class=\"col medium-8 small-12 large-8\"  >\n\t\t\t\t<div class=\"col-inner\"  >\n\t\t\t\n\t<div class=\"is-border\"\n\t\tstyle=\"border-width:0px 0px 1px 0px;\">\n\t<\/div>\n\t\t\t\n\n<p><a href=\"https:\/\/hieuanh.id.vn\/index.php\/tour-hanquoc\/\"><span style=\"font-size: 100%; color: #282828;\">Tour du l\u1ecbch H\u00e0n Qu\u1ed1c 6N5\u0110<\/span><\/a><\/p>\n<p>\u00a0<\/p>\n<p><span style=\"color: #33cccc; font-size: 100%;\">6,500,000 \u0111<\/span><\/p>\n\n\t\t<\/div>\n\t\t\t\t\t<\/div>\n\n\t\n\n<\/div>\n<div class=\"row\"  id=\"row-538219748\">\n\n\n\t<div id=\"col-287891783\" class=\"col medium-4 small-12 large-4\"  >\n\t\t\t\t<div class=\"col-inner\"  >\n\t\t\t\n\t\t\t\n\n\t<div class=\"img has-hover x md-x lg-x y md-y lg-y\" id=\"image_1150923260\">\n\t\t<a class=\"\" href=\"https:\/\/hieuanh.id.vn\/index.php\/tour-ha-giang-5-ngay-4-dem\/\" >\t\t\t\t\t\t<div class=\"img-inner dark\" >\n\t\t\t<img loading=\"lazy\" decoding=\"async\" width=\"247\" height=\"296\" src=\"https:\/\/hieuanh.id.vn\/wp-content\/uploads\/2025\/07\/Sapa4-2-247x296-1.jpg\" class=\"attachment-large size-large\" alt=\"\" \/>\t\t\t\t\t\t\n\t\t\t\t\t<\/div>\n\t\t\t\t\t\t<\/a>\t\t\n<style>\n#image_1150923260 {\n  width: 100%;\n}\n<\/style>\n\t<\/div>\n\t\n\n\n\t\t<\/div>\n\t\t\t\t\t<\/div>\n\n\t\n\n\t<div id=\"col-711742212\" class=\"col medium-8 small-12 large-8\"  >\n\t\t\t\t<div class=\"col-inner\"  >\n\t\t\t\n\t<div class=\"is-border\"\n\t\tstyle=\"border-width:0px 0px 1px 0px;\">\n\t<\/div>\n\t\t\t\n\n<p><a href=\"https:\/\/hieuanh.id.vn\/index.php\/tour-ha-giang-5-ngay-4-dem\/\"><span style=\"font-size: 100%; color: #282828;\">Tour H\u00e0 GIang 5 ng\u00e0y 4 \u0111\u00eam<\/span><\/a><\/p>\n<p><span style=\"color: #33cccc;\"><del>5,200,000 \u0111<\/del><\/span><\/p>\n<p><span style=\"color: #33cccc;\">4,000,000 \u0111<\/span><\/p>\n\n\t\t<\/div>\n\t\t\t\t\t<\/div>\n\n\t\n\n<\/div>\n<div class=\"row\"  id=\"row-1803080032\">\n\n\n\t<div id=\"col-1900213140\" class=\"col medium-4 small-12 large-4\"  >\n\t\t\t\t<div class=\"col-inner\"  >\n\t\t\t\n\t\t\t\n\n\t<div class=\"img has-hover x md-x lg-x y md-y lg-y\" id=\"image_1217457520\">\n\t\t<a class=\"\" href=\"https:\/\/hieuanh.id.vn\/index.php\/tour-ninh-binh-3-ngay-2-dem\/\" >\t\t\t\t\t\t<div class=\"img-inner dark\" >\n\t\t\t<img loading=\"lazy\" decoding=\"async\" width=\"247\" height=\"296\" src=\"https:\/\/hieuanh.id.vn\/wp-content\/uploads\/2025\/07\/ninh-binh-247x296-1.jpg\" class=\"attachment-large size-large\" alt=\"\" \/>\t\t\t\t\t\t\n\t\t\t\t\t<\/div>\n\t\t\t\t\t\t<\/a>\t\t\n<style>\n#image_1217457520 {\n  width: 100%;\n}\n<\/style>\n\t<\/div>\n\t\n\n\n\t\t<\/div>\n\t\t\t\t\t<\/div>\n\n\t\n\n\t<div id=\"col-27763520\" class=\"col medium-8 small-12 large-8\"  >\n\t\t\t\t<div class=\"col-inner\"  >\n\t\t\t\n\t\t\t\n\n<p><a href=\"https:\/\/hieuanh.id.vn\/index.php\/tour-ninh-binh-3-ngay-2-dem\/\">Tour Ninh Binh 3 ng\u00e0y 2 \u0111\u00eam<\/a><\/p>\n<p><span style=\"color: #33cccc;\"><del>4,200,000 \u0111<\/del><\/span><\/p>\n<p><span style=\"color: #33cccc;\">3,000,000 \u0111<\/span><\/p>\n\n\t\t<\/div>\n\t\t\t\t\t<\/div>\n\n\t\n\n<\/div>\n\n\t\t<\/div>\n\t\t\t\t\t<\/div>\n\n\t\n\n<\/div>\n<div class=\"container section-title-container\" ><h3 class=\"section-title section-title-normal\"><b><\/b><span class=\"section-title-main\" >B\u00e0i vi\u1ebft m\u1edbi<\/span><b><\/b><\/h3><\/div>\n\n<div class=\"row\"  id=\"row-930039557\">\n\n\n\t<div id=\"col-1312401609\" class=\"col medium-4 small-12 large-4\"  >\n\t\t\t\t<div class=\"col-inner\"  >\n\t\t\t\n\t\t\t\n\n\t<div class=\"img has-hover x md-x lg-x y md-y lg-y\" id=\"image_132660984\">\n\t\t<a class=\"\" href=\"https:\/\/hieuanh.id.vn\/index.php\/kinh-nghiem-phuot-tay-bac-mua-dong\/\" >\t\t\t\t\t\t<div class=\"img-inner dark\" >\n\t\t\t<img loading=\"lazy\" decoding=\"async\" width=\"720\" height=\"480\" src=\"https:\/\/hieuanh.id.vn\/wp-content\/uploads\/2025\/07\/khung-canh-nha-tho-da-sapa.jpg\" class=\"attachment-large size-large\" alt=\"\" srcset=\"https:\/\/hieuanh.id.vn\/wp-content\/uploads\/2025\/07\/khung-canh-nha-tho-da-sapa.jpg 720w, https:\/\/hieuanh.id.vn\/wp-content\/uploads\/2025\/07\/khung-canh-nha-tho-da-sapa-600x400.jpg 600w\" sizes=\"(max-width: 720px) 100vw, 720px\" \/>\t\t\t\t\t\t\n\t\t\t\t\t<\/div>\n\t\t\t\t\t\t<\/a>\t\t\n<style>\n#image_132660984 {\n  width: 100%;\n}\n<\/style>\n\t<\/div>\n\t\n\n\n\t\t<\/div>\n\t\t\t\t\t<\/div>\n\n\t\n\n\t<div id=\"col-995792340\" class=\"col medium-8 small-12 large-8\"  >\n\t\t\t\t<div class=\"col-inner\"  >\n\t\t\t\n\t<div class=\"is-border\"\n\t\tstyle=\"border-width:0px 0px 1px 0px;\">\n\t<\/div>\n\t\t\t\n\n<p><a href=\"https:\/\/hieuanh.id.vn\/index.php\/kinh-nghiem-phuot-tay-bac-mua-dong\/\"><span style=\"color: #282828;\">Kinh nghi\u1ec7m ph\u01b0\u1ee3t T\u00e2y B\u1eafc m\u00f9a \u0110\u00f4ng<\/span><\/a><\/p>\n<p>\u00a0<\/p>\n\n\t\t<\/div>\n\t\t\t\t\t<\/div>\n\n\t\n\n<\/div>\n<div class=\"row\"  id=\"row-1548197938\">\n\n\n\t<div id=\"col-1356242952\" class=\"col medium-4 small-12 large-4\"  >\n\t\t\t\t<div class=\"col-inner\"  >\n\t\t\t\n\t\t\t\n\n\t<div class=\"img has-hover x md-x lg-x y md-y lg-y\" id=\"image_1502945396\">\n\t\t<a class=\"\" href=\"https:\/\/hieuanh.id.vn\/index.php\/kinh-nghiem-checking-da-lat-mua-dong\/\" >\t\t\t\t\t\t<div class=\"img-inner dark\" >\n\t\t\t<img loading=\"lazy\" decoding=\"async\" width=\"768\" height=\"516\" src=\"https:\/\/hieuanh.id.vn\/wp-content\/uploads\/2025\/07\/du-licca3ch-da-lacca3t-dung-quen-ghe-check-in-doi-che-cau-dat-149-768x516-1.jpg\" class=\"attachment-large size-large\" alt=\"\" srcset=\"https:\/\/hieuanh.id.vn\/wp-content\/uploads\/2025\/07\/du-licca3ch-da-lacca3t-dung-quen-ghe-check-in-doi-che-cau-dat-149-768x516-1.jpg 768w, https:\/\/hieuanh.id.vn\/wp-content\/uploads\/2025\/07\/du-licca3ch-da-lacca3t-dung-quen-ghe-check-in-doi-che-cau-dat-149-768x516-1-600x403.jpg 600w\" sizes=\"(max-width: 768px) 100vw, 768px\" \/>\t\t\t\t\t\t\n\t\t\t\t\t<\/div>\n\t\t\t\t\t\t<\/a>\t\t\n<style>\n#image_1502945396 {\n  width: 100%;\n}\n<\/style>\n\t<\/div>\n\t\n\n\n\t\t<\/div>\n\t\t\t\t\t<\/div>\n\n\t\n\n\t<div id=\"col-860853394\" class=\"col medium-8 small-12 large-8\"  >\n\t\t\t\t<div class=\"col-inner\"  >\n\t\t\t\n\t<div class=\"is-border\"\n\t\tstyle=\"border-width:0px 0px 1px 0px;\">\n\t<\/div>\n\t\t\t\n\n<p><a href=\"https:\/\/hieuanh.id.vn\/index.php\/kinh-nghiem-checking-da-lat-mua-dong\/\"><span style=\"color: #282828;\">Kinh nghi\u1ec7m checking \u0110\u00e0 L\u1ea1t m\u00f9a \u0110\u00f4ng<\/span><\/a><\/p>\n<p>\u00a0<\/p>\n\n\t\t<\/div>\n\t\t\t\t\t<\/div>\n\n\t\n\n<\/div>\n<div class=\"row\"  id=\"row-1641092741\">\n\n\n\t<div id=\"col-438108940\" class=\"col medium-4 small-12 large-4\"  >\n\t\t\t\t<div class=\"col-inner\"  >\n\t\t\t\n\t\t\t\n\n\t<div class=\"img has-hover x md-x lg-x y md-y lg-y\" id=\"image_882796809\">\n\t\t<a class=\"\" href=\"https:\/\/hieuanh.id.vn\/index.php\/kinh-nghiem-du-lich-tu-tuc-sapa-3-ngay-2-dem\/\" >\t\t\t\t\t\t<div class=\"img-inner dark\" >\n\t\t\t<img loading=\"lazy\" decoding=\"async\" width=\"300\" height=\"225\" src=\"https:\/\/hieuanh.id.vn\/wp-content\/uploads\/2025\/07\/du-licca3ch-da-lacca3t-dung-quen-ghe-check-in-doi-che-cau-dat-149-2.jpg\" class=\"attachment-large size-large\" alt=\"\" \/>\t\t\t\t\t\t\n\t\t\t\t\t<\/div>\n\t\t\t\t\t\t<\/a>\t\t\n<style>\n#image_882796809 {\n  width: 100%;\n}\n<\/style>\n\t<\/div>\n\t\n\n\n\t\t<\/div>\n\t\t\t\t\t<\/div>\n\n\t\n\n\t<div id=\"col-823978202\" class=\"col medium-8 small-12 large-8\"  >\n\t\t\t\t<div class=\"col-inner\"  >\n\t\t\t\n\t<div class=\"is-border\"\n\t\tstyle=\"border-width:0px 0px 1px 0px;\">\n\t<\/div>\n\t\t\t\n\n<p><a href=\"https:\/\/hieuanh.id.vn\/index.php\/kinh-nghiem-du-lich-tu-tuc-sapa-3-ngay-2-dem\/\"><span style=\"color: #282828;\">Kinh nghi\u1ec7m du l\u1ecbch t\u1ef1 t\u00fac Sapa 3 ng\u00e0y 2 \u0111\u00eam<\/span><\/a><\/p>\n<p>\u00a0<\/p>\n\n\t\t<\/div>\n\t\t\t\t\t<\/div>\n\n\t\n\n<\/div>\n<div class=\"row\"  id=\"row-302586796\">\n\n\n\t<div id=\"col-1419938400\" class=\"col medium-4 small-12 large-4\"  >\n\t\t\t\t<div class=\"col-inner\"  >\n\t\t\t\n\t<div class=\"is-border\"\n\t\tstyle=\"border-width:0px 0px 0px 0px;\">\n\t<\/div>\n\t\t\t\n\n\t<div class=\"img has-hover x md-x lg-x y md-y lg-y\" id=\"image_1197656831\">\n\t\t<a class=\"\" href=\"https:\/\/hieuanh.id.vn\/index.php\/kinh-nghiem-du-lich-luang\/\" >\t\t\t\t\t\t<div class=\"img-inner dark\" >\n\t\t\t<img loading=\"lazy\" decoding=\"async\" width=\"999\" height=\"608\" src=\"https:\/\/hieuanh.id.vn\/wp-content\/uploads\/2025\/07\/xin-chao-161-2.jpg\" class=\"attachment-large size-large\" alt=\"\" srcset=\"https:\/\/hieuanh.id.vn\/wp-content\/uploads\/2025\/07\/xin-chao-161-2.jpg 999w, https:\/\/hieuanh.id.vn\/wp-content\/uploads\/2025\/07\/xin-chao-161-2-600x365.jpg 600w\" sizes=\"(max-width: 999px) 100vw, 999px\" \/>\t\t\t\t\t\t\n\t\t\t\t\t<\/div>\n\t\t\t\t\t\t<\/a>\t\t\n<style>\n#image_1197656831 {\n  width: 100%;\n}\n<\/style>\n\t<\/div>\n\t\n\n\n\t\t<\/div>\n\t\t\t\t\t<\/div>\n\n\t\n\n\t<div id=\"col-189991495\" class=\"col medium-8 small-12 large-8\"  >\n\t\t\t\t<div class=\"col-inner\"  >\n\t\t\t\n\t<div class=\"is-border\"\n\t\tstyle=\"border-width:0px 0px 1px 0px;\">\n\t<\/div>\n\t\t\t\n\n<p><a href=\"https:\/\/hieuanh.id.vn\/index.php\/kinh-nghiem-du-lich-luang\/\"><span style=\"color: #282828;\">Chia s\u1ebb kinh nghi\u1ec7m du l\u1ecbch Luang Prabang t\u1ef1 t\u00fac<\/span><\/a><\/p>\n<p>\u00a0<\/p>\n\n\t\t<\/div>\n\t\t\t\t\t<\/div>\n\n\t\n\n<\/div>\n<div class=\"row\"  id=\"row-403192168\">\n\n\n\t<div id=\"col-451449566\" class=\"col medium-4 small-12 large-4\"  >\n\t\t\t\t<div class=\"col-inner\"  >\n\t\t\t\n\t\t\t\n\n\t<div class=\"img has-hover x md-x lg-x y md-y lg-y\" id=\"image_1209902016\">\n\t\t<a class=\"\" href=\"https:\/\/hieuanh.id.vn\/index.php\/doi-che-caudat\/\" >\t\t\t\t\t\t<div class=\"img-inner dark\" >\n\t\t\t<img loading=\"lazy\" decoding=\"async\" width=\"280\" height=\"225\" src=\"https:\/\/hieuanh.id.vn\/wp-content\/uploads\/2025\/07\/du-licca3ch-da-lacca3t-dung-quen-ghe-check-in-doi-che-cau-dat-149-5-280x225-1.jpg\" class=\"attachment-large size-large\" alt=\"\" \/>\t\t\t\t\t\t\n\t\t\t\t\t<\/div>\n\t\t\t\t\t\t<\/a>\t\t\n<style>\n#image_1209902016 {\n  width: 100%;\n}\n<\/style>\n\t<\/div>\n\t\n\n\n\t\t<\/div>\n\t\t\t\t\t<\/div>\n\n\t\n\n\t<div id=\"col-1835430950\" class=\"col medium-8 small-12 large-8\"  >\n\t\t\t\t<div class=\"col-inner\"  >\n\t\t\t\n\t\t\t\n\n<p><a href=\"_wp_link_placeholder\" data-wplink-edit=\"true\"><span style=\"color: #282828;\">Du l\u1ecbch \u0110\u00e0 L\u1ea1t &#8211; \u0111\u1eebng qu\u00ean gh\u00e9\u00a0 &#8220;check-in&#8221; \u0111\u1ed3i ch\u00e8 C\u1ea7u \u0110\u1ea5t<\/span><\/a><\/p>\n<p>\u00a0<\/p>\n\n\t\t<\/div>\n\t\t\t\t\t<\/div>\n\n\t\n\n<\/div>\n\n\t\t<\/div>\n\t\t\t\t\n<style>\n#col-838142523 > .col-inner {\n  margin: 0px 0px 0px 0px;\n}\n<\/style>\n\t<\/div>\n\n\t\n\n<\/div>\n\n\t\t<\/div>\n\t\t\t\t\n<style>\n#col-1803699681 > .col-inner {\n  padding: 0px 0px 0px 0px;\n}\n@media (min-width:550px) {\n  #col-1803699681 > .col-inner {\n    padding: 0px 0px 0px 200px;\n  }\n}\n<\/style>\n\t<\/div>\n\n\t\n\n\t<div id=\"col-90669280\" class=\"col medium-8 small-12 large-8\"  >\n\t\t\t\t<div class=\"col-inner\"  >\n\t\t\t\n\t\t\t\n\n\t<div class=\"img has-hover x md-x lg-x y md-y lg-y\" id=\"image_83544283\">\n\t\t\t\t\t\t\t\t<div class=\"img-inner dark\" >\n\t\t\t<img loading=\"lazy\" decoding=\"async\" width=\"1020\" height=\"590\" src=\"https:\/\/hieuanh.id.vn\/wp-content\/uploads\/2025\/07\/JB6A1753-1024x592-1.jpg\" class=\"attachment-large size-large\" alt=\"\" srcset=\"https:\/\/hieuanh.id.vn\/wp-content\/uploads\/2025\/07\/JB6A1753-1024x592-1.jpg 1024w, https:\/\/hieuanh.id.vn\/wp-content\/uploads\/2025\/07\/JB6A1753-1024x592-1-600x347.jpg 600w\" sizes=\"(max-width: 1020px) 100vw, 1020px\" \/>\t\t\t\t\t\t\n\t\t\t\t\t<\/div>\n\t\t\t\t\t\t\t\t\n<style>\n#image_83544283 {\n  width: 100%;\n}\n<\/style>\n\t<\/div>\n\t\n\n<h2><span style=\"font-size: 140%;\"><strong>C\u00e2u chuy\u1ec7n c\u1ee7a ch\u00fang t\u00f4i<\/strong><\/span><\/h2>\n<p><span style=\"font-size: 140%;\">365 Travel ch\u00ednh l\u00e0 m\u1ed9t c\u00e2u chuy\u1ec7n th\u00e0nh c\u00f4ng m\u00e0 ch\u00fang t\u00f4i mu\u1ed1n chia s\u1ebb v\u1edbi c\u00e1c b\u1ea1n. 365 Travel \u0111\u01b0\u1ee3c th\u00e0nh l\u1eadp v\u00e0o n\u0103m 2006 b\u1edfi m\u1ed9t c\u1eb7p v\u1ee3 ch\u1ed3ng tr\u1ebb t\u1eeb H\u00e0 N\u00f4i. Tommy Nguy\u00ean ph\u1ee5 tr\u00e1ch qu\u1ea3n l\u00fd v\u00e0 s\u1ea3n ph\u1ea9m, trong khi Cindy Nguy\u00ean nh\u1eadn tr\u00e1ch nhi\u1ec7m m\u1ea3ng kinh doanh. M\u1eb7c d\u00f9 c\u00f3 kinh nghi\u1ec7m nhi\u1ec1u n\u0103m l\u00e0m vi\u1ec7c t\u1ea1i m\u1ed9t c\u00f4ng ty tour du l\u1ecbch tr\u01b0\u1edbc \u0111\u00f3, h\u1ecd v\u1eabn c\u00f2n nhi\u1ec1u e ng\u1ea1i khi ti\u1ebfp c\u1eadn c\u00e1c \u0111\u1ed1i t\u00e1c n\u01b0\u1edbc ngo\u00e0i, v\u00ec nhi\u1ec1u ng\u01b0\u1eddi s\u1ebd ngh\u0129 r\u1eb1ng 27 tu\u1ed5i l\u00e0 qu\u00e1 tr\u1ebb \u0111\u1ec3 l\u00e0m ch\u1ee7 m\u1ed9t doanh nghi\u1ec7p.<\/span><\/p>\n<p><span style=\"font-size: 140%;\">C\u0169ng gi\u1ed1ng nh\u01b0 nhi\u1ec1u startup kh\u00e1c, nh\u1eefng ng\u00e0y \u0111\u1ea7u ti\u00ean ch\u00fang t\u00f4i \u0111\u00e3 g\u1eb7p r\u1ea5t nhi\u1ec1u kh\u00f3 kh\u0103n. V\u0103n ph\u00f2ng th\u00ec nh\u1ecf, c\u00e1c \u0111\u01a1n \u0111\u1eb7t mua \u0111\u1ebfn ch\u1eadm ch\u1ea1p, ch\u1ee7 y\u1ebfu t\u1eeb b\u1ea1n b\u00e8 v\u00e0 ng\u01b0\u1eddi th\u00e2n mu\u1ed1n \u0111\u1eb7t v\u00e9 v\u00e0 ph\u00f2ng kh\u00e1ch s\u1ea1n.<\/span><\/p>\n<h2><span style=\"font-size: 140%;\"><strong>Nh\u1eadn di\u1ec7n th\u01b0\u01a1ng hi\u1ec7u<\/strong><\/span><\/h2>\n<p><span style=\"font-size: 140%;\">Gi\u00e1 tr\u1ecb c\u1ee7a ch\u00fang t\u00f4i l\u00e0 gi\u00fap vi\u1ec7c kinh doanh c\u1ee7a c\u00f4ng ty ti\u1ebfn h\u00e0nh m\u1ed9t c\u00e1ch r\u1ea5t c\u00f3 nguy\u00ean t\u1eafc.<\/span><br \/><span style=\"font-size: 140%;\">Slogan c\u1ee7a ch\u00fang t\u00f4i l\u00e0: \u201cExperience is true value\u201d tr\u1ea3i nghi\u1ec7m t\u1ea1o n\u00ean gi\u00e1 tr\u1ecb \u0111\u00edch th\u1ef1c.<\/span><\/p>\n<p><span style=\"font-size: 140%;\">T\u00ean 365 Travel xu\u1ea5t ph\u00e1t t\u1eeb th\u1ef1c t\u1ebf r\u1eb1ng ch\u00fang t\u00f4i s\u1eb5n s\u00e0ng c\u00f3 m\u1eb7t \u0111\u1ec3 ph\u1ee5c v\u1ee5 b\u1ea1n 24\/7, 365 ng\u00e0y trong 1 n\u0103m v\u00e0 l\u00e0 m\u1ed9t \u0111\u1ed1i t\u00e1c kinh doanh uy t\u00edn, \u0111\u00e1ng tin c\u1eady v\u1edbi \u201cS\u1ef1 ch\u0103m s\u00f3c li\u00ean t\u1ee5c\u201d v\u00e0 \u201ckhi\u00eam t\u1ed1n\u201d \u0111\u1ec3 chu\u1ea9n b\u1ecb cho t\u01b0\u01a1ng lai v\u00e0 ch\u00fang t\u00f4i lu\u00f4n lu\u00f4n ghi nh\u1edb r\u1eb1ng kh\u00e1ch h\u00e0ng v\u00e0 \u0111\u1ed1i th\u1ee7 c\u1ea1nh tranh l\u00e0 y\u1ebfu t\u1ed1 c\u1ea7n thi\u1ebft \u0111\u1ec3 c\u1ea3i thi\u1ec7n b\u1ea3n th\u00e2n doanh nghi\u1ec7p. \u201cNgay th\u1eb3ng\u201d c\u00f3 ngh\u0129a l\u00e0 t\u00ednh minh b\u1ea1ch v\u00e0 tr\u00e1ch nhi\u1ec7m \u0111i \u0111\u00f4i v\u1edbi c\u1ea3m h\u1ee9ng c\u0169ng nh\u01b0 th\u00e1ch th\u1ee9c trong c\u00f4ng vi\u1ec7c. S\u1ed1ng v\u00e0 l\u00e0m vi\u1ec7c theo nh\u1eefng gi\u00e1 tr\u1ecb \u0111\u1eb7c bi\u1ec7t, chia s\u1ebb \u0111am m\u00ea v\u00e0 cam k\u1ebft ti\u1ebfp t\u1ee5c ph\u1ea5n \u0111\u1ea5u, s\u1eb5n s\u00e0ng cho nh\u1eefng n\u1ea5c thang cao h\u01a1n.<\/span><\/p>\n<p><span style=\"font-size: 140%;\">Ch\u00fang t\u00f4i hy v\u1ecdng s\u1ebd l\u00e0 ng\u01b0\u1eddi b\u1ea1n \u0111\u1ed3ng h\u00e0nh \u0111\u00e1ng tin c\u1eady c\u1ee7a b\u1ea1n trong t\u01b0\u01a1ng lai!<\/span><\/p>\n\n\t\t<\/div>\n\t\t\t\t\n<style>\n#col-90669280 > .col-inner {\n  padding: 0px 0px 0px 0px;\n}\n@media (min-width:550px) {\n  #col-90669280 > .col-inner {\n    padding: 0px 149px 0px 0px;\n  }\n}\n<\/style>\n\t<\/div>\n\n\t\n\n<\/div>\n\n\t\t<\/div>\n\n\t\t\n<style>\n#section_2035114916 {\n  padding-top: 30px;\n  padding-bottom: 30px;\n}\n<\/style>\n\t<\/section>\n\t\n\n","protected":false},"excerpt":{"rendered":"","protected":false},"author":1,"featured_media":0,"parent":0,"menu_order":0,"comment_status":"closed","ping_status":"closed","template":"page-blank.php","meta":{"footnotes":""},"class_list":["post-677","page","type-page","status-publish","hentry"],"_links":{"self":[{"href":"https:\/\/hieuanh.id.vn\/index.php\/wp-json\/wp\/v2\/pages\/677","targetHints":{"allow":["GET"]}}],"collection":[{"href":"https:\/\/hieuanh.id.vn\/index.php\/wp-json\/wp\/v2\/pages"}],"about":[{"href":"https:\/\/hieuanh.id.vn\/index.php\/wp-json\/wp\/v2\/types\/page"}],"author":[{"embeddable":true,"href":"https:\/\/hieuanh.id.vn\/index.php\/wp-json\/wp\/v2\/users\/1"}],"replies":[{"embeddable":true,"href":"https:\/\/hieuanh.id.vn\/index.php\/wp-json\/wp\/v2\/comments?post=677"}],"version-history":[{"count":39,"href":"https:\/\/hieuanh.id.vn\/index.php\/wp-json\/wp\/v2\/pages\/677\/revisions"}],"predecessor-version":[{"id":1389,"href":"https:\/\/hieuanh.id.vn\/index.php\/wp-json\/wp\/v2\/pages\/677\/revisions\/1389"}],"wp:attachment":[{"href":"https:\/\/hieuanh.id.vn\/index.php\/wp-json\/wp\/v2\/media?parent=677"}],"curies":[{"name":"wp","href":"https:\/\/api.w.org\/{rel}","templated":true}]}}